{"id":1902,"date":"2019-04-01T04:56:18","date_gmt":"2019-04-01T04:56:18","guid":{"rendered":"https:\/\/passionasiatravel.com\/nuestro-boletin\/"},"modified":"2019-04-01T04:56:19","modified_gmt":"2019-04-01T04:56:19","slug":"nuestro-boletin","status":"publish","type":"page","link":"https:\/\/passionasiatravel.com\/es\/nuestro-boletin\/","title":{"rendered":"Nuestro bolet\u00edn"},"content":{"rendered":"\t\t<div data-elementor-type=\"wp-post\" data-elementor-id=\"1902\" class=\"elementor elementor-1902 elementor-695 elementor-bc-flex-widget\" data-elementor-post-type=\"page\">\n\t\t\t\t\t\t<section class=\"elementor-section elementor-top-section elementor-element elementor-element-f9080ac elementor-section-full_width elementor-section-height-min-height elementor-section-items-bottom elementor-section-height-default\" data-id=\"f9080ac\" data-element_type=\"section\" data-settings=\"{&quot;background_background&quot;:&quot;classic&quot;}\">\n\t\t\t\t\t\t\t<div class=\"elementor-background-overlay\"><\/div>\n\t\t\t\t\t\t\t<div class=\"elementor-container elementor-column-gap-no\">\n\t\t\t\t\t<div class=\"elementor-column elementor-col-100 elementor-top-column elementor-element elementor-element-7ef14f1\" data-id=\"7ef14f1\" data-element_type=\"column\">\n\t\t\t<div class=\"elementor-widget-wrap elementor-element-populated\">\n\t\t\t\t\t\t<div class=\"elementor-element elementor-element-acf4fa5 elementor-widget elementor-widget-image\" data-id=\"acf4fa5\" data-element_type=\"widget\" data-widget_type=\"image.default\">\n\t\t\t\t<div class=\"elementor-widget-container\">\n\t\t\t\t\t\t\t\t\t\t\t\t\t\t\t<img decoding=\"async\" width=\"128\" height=\"42\" src=\"https:\/\/passionasiatravel.com\/wp-content\/uploads\/2018\/11\/sun-icon.png\" class=\"attachment-full size-full wp-image-1678\" alt=\"\" \/>\t\t\t\t\t\t\t\t\t\t\t\t\t\t\t<\/div>\n\t\t\t\t<\/div>\n\t\t\t\t<div class=\"elementor-element elementor-element-a951c4f elementor-widget elementor-widget-heading\" data-id=\"a951c4f\" data-element_type=\"widget\" data-widget_type=\"heading.default\">\n\t\t\t\t<div class=\"elementor-widget-container\">\n\t\t\t\t\t<h1 class=\"elementor-heading-title elementor-size-default\">Nuestro bolet\u00edn<\/h1>\t\t\t\t<\/div>\n\t\t\t\t<\/div>\n\t\t\t\t<section class=\"elementor-section elementor-inner-section elementor-element elementor-element-11ae362 elementor-section-full_width elementor-section-height-default elementor-section-height-default\" data-id=\"11ae362\" data-element_type=\"section\">\n\t\t\t\t\t\t<div class=\"elementor-container elementor-column-gap-no\">\n\t\t\t\t\t<div class=\"elementor-column elementor-col-100 elementor-inner-column elementor-element elementor-element-5e27d3c\" data-id=\"5e27d3c\" data-element_type=\"column\">\n\t\t\t<div class=\"elementor-widget-wrap elementor-element-populated\">\n\t\t\t\t\t\t<div class=\"elementor-element elementor-element-3d9b02e elementor-widget-divider--view-line elementor-widget elementor-widget-divider\" data-id=\"3d9b02e\" data-element_type=\"widget\" data-widget_type=\"divider.default\">\n\t\t\t\t<div class=\"elementor-widget-container\">\n\t\t\t\t\t\t\t<div class=\"elementor-divider\">\n\t\t\t<span class=\"elementor-divider-separator\">\n\t\t\t\t\t\t<\/span>\n\t\t<\/div>\n\t\t\t\t\t\t<\/div>\n\t\t\t\t<\/div>\n\t\t\t\t\t<\/div>\n\t\t<\/div>\n\t\t\t\t\t<\/div>\n\t\t<\/section>\n\t\t\t\t\t<\/div>\n\t\t<\/div>\n\t\t\t\t\t<\/div>\n\t\t<\/section>\n\t\t\t\t<section class=\"elementor-section elementor-top-section elementor-element elementor-element-4fd40e8 elementor-section-boxed elementor-section-height-default elementor-section-height-default\" data-id=\"4fd40e8\" data-element_type=\"section\">\n\t\t\t\t\t\t<div class=\"elementor-container elementor-column-gap-default\">\n\t\t\t\t\t<div class=\"elementor-column elementor-col-100 elementor-top-column elementor-element elementor-element-0a4c814\" data-id=\"0a4c814\" data-element_type=\"column\">\n\t\t\t<div class=\"elementor-widget-wrap elementor-element-populated\">\n\t\t\t\t\t\t<div class=\"elementor-element elementor-element-f765b55 elementor-grid-3 elementor-grid-tablet-2 elementor-grid-mobile-1 elementor-posts--thumbnail-top elementor-card-shadow-yes elementor-posts__hover-gradient elementor-widget elementor-widget-posts\" data-id=\"f765b55\" data-element_type=\"widget\" data-settings=\"{&quot;cards_columns&quot;:&quot;3&quot;,&quot;cards_columns_tablet&quot;:&quot;2&quot;,&quot;cards_columns_mobile&quot;:&quot;1&quot;,&quot;cards_row_gap&quot;:{&quot;unit&quot;:&quot;px&quot;,&quot;size&quot;:35,&quot;sizes&quot;:[]},&quot;cards_row_gap_tablet&quot;:{&quot;unit&quot;:&quot;px&quot;,&quot;size&quot;:&quot;&quot;,&quot;sizes&quot;:[]},&quot;cards_row_gap_mobile&quot;:{&quot;unit&quot;:&quot;px&quot;,&quot;size&quot;:&quot;&quot;,&quot;sizes&quot;:[]}}\" data-widget_type=\"posts.cards\">\n\t\t\t\t<div class=\"elementor-widget-container\">\n\t\t\t\t\t\t\t<div class=\"elementor-posts-container elementor-posts elementor-posts--skin-cards elementor-grid\" role=\"list\">\n\t\t\t\t<article class=\"elementor-post elementor-grid-item post-11432 post type-post status-publish format-standard has-post-thumbnail hentry category-travel-news-2\" role=\"listitem\">\n\t\t\t<div class=\"elementor-post__card\">\n\t\t\t\t<a class=\"elementor-post__thumbnail__link\" href=\"https:\/\/passionasiatravel.com\/es\/camboya-actualiza-la-nueva-tarjeta-de-llegada-electronica\/\" tabindex=\"-1\" ><div class=\"elementor-post__thumbnail\"><img fetchpriority=\"high\" decoding=\"async\" width=\"190\" height=\"300\" src=\"https:\/\/passionasiatravel.com\/wp-content\/uploads\/2024\/06\/52a816854b7fb5bc7512e9f0a8b3f7de-190x300.jpg\" class=\"attachment-medium size-medium wp-image-11421\" alt=\"\" srcset=\"https:\/\/passionasiatravel.com\/wp-content\/uploads\/2024\/06\/52a816854b7fb5bc7512e9f0a8b3f7de-190x300.jpg 190w, https:\/\/passionasiatravel.com\/wp-content\/uploads\/2024\/06\/52a816854b7fb5bc7512e9f0a8b3f7de.jpg 564w\" sizes=\"(max-width: 190px) 100vw, 190px\" \/><\/div><\/a>\n\t\t\t\t<div class=\"elementor-post__badge\">Travel News<\/div>\n\t\t\t\t<div class=\"elementor-post__text\">\n\t\t\t\t<h3 class=\"elementor-post__title\">\n\t\t\t<a href=\"https:\/\/passionasiatravel.com\/es\/camboya-actualiza-la-nueva-tarjeta-de-llegada-electronica\/\" >\n\t\t\t\t\u00a1Camboya actualiza la nueva Tarjeta de Llegada Electr\u00f3nica!\t\t\t<\/a>\n\t\t<\/h3>\n\t\t\t\t<div class=\"elementor-post__excerpt\">\n\t\t\t<p>A partir del 1 de julio de 2024, para agilizar y simplificar el proceso de entrada a Camboya, el Departamento General de Inmigraci\u00f3n ha desarrollado<\/p>\n\t\t<\/div>\n\t\t\n\t\t<a class=\"elementor-post__read-more\" href=\"https:\/\/passionasiatravel.com\/es\/camboya-actualiza-la-nueva-tarjeta-de-llegada-electronica\/\" aria-label=\"M\u00e1s informaci\u00f3n sobre \u00a1Camboya actualiza la nueva Tarjeta de Llegada Electr\u00f3nica!\" tabindex=\"-1\" >\n\t\t\tLeer M\u00e1s \u00bb\t\t<\/a>\n\n\t\t\t\t<\/div>\n\t\t\t\t<div class=\"elementor-post__meta-data\">\n\t\t\t\t\t<span class=\"elementor-post-date\">\n\t\t\tjunio 28, 2024\t\t<\/span>\n\t\t\t\t<\/div>\n\t\t\t\t\t<\/div>\n\t\t<\/article>\n\t\t\t\t<article class=\"elementor-post elementor-grid-item post-11395 post type-post status-publish format-standard has-post-thumbnail hentry category-sin-categorizar category-travel-news-2\" role=\"listitem\">\n\t\t\t<div class=\"elementor-post__card\">\n\t\t\t\t<a class=\"elementor-post__thumbnail__link\" href=\"https:\/\/passionasiatravel.com\/es\/el-turismo-de-buceo-en-vietnam-atrae-a-los-turistas\/\" tabindex=\"-1\" ><div class=\"elementor-post__thumbnail\"><img decoding=\"async\" width=\"300\" height=\"168\" src=\"https:\/\/passionasiatravel.com\/wp-content\/uploads\/2024\/06\/0fe89ea2bf9f1775d159d84f17b21632-1-300x168.jpg\" class=\"attachment-medium size-medium wp-image-11407\" alt=\"\" srcset=\"https:\/\/passionasiatravel.com\/wp-content\/uploads\/2024\/06\/0fe89ea2bf9f1775d159d84f17b21632-1-300x168.jpg 300w, https:\/\/passionasiatravel.com\/wp-content\/uploads\/2024\/06\/0fe89ea2bf9f1775d159d84f17b21632-1.jpg 564w\" sizes=\"(max-width: 300px) 100vw, 300px\" \/><\/div><\/a>\n\t\t\t\t<div class=\"elementor-post__badge\">Sin categorizar<\/div>\n\t\t\t\t<div class=\"elementor-post__text\">\n\t\t\t\t<h3 class=\"elementor-post__title\">\n\t\t\t<a href=\"https:\/\/passionasiatravel.com\/es\/el-turismo-de-buceo-en-vietnam-atrae-a-los-turistas\/\" >\n\t\t\t\tEl Turismo de Buceo en Vietnam Atrae a los Turistas\t\t\t<\/a>\n\t\t<\/h3>\n\t\t\t\t<div class=\"elementor-post__excerpt\">\n\t\t\t<p>En los \u00faltimos tres a\u00f1os, el turismo de buceo ha estado desarroll\u00e1ndose r\u00e1pidamente, especialmente entre los j\u00f3venes. Esta actividad ofrece perspectivas frescas, atrayendo a los<\/p>\n\t\t<\/div>\n\t\t\n\t\t<a class=\"elementor-post__read-more\" href=\"https:\/\/passionasiatravel.com\/es\/el-turismo-de-buceo-en-vietnam-atrae-a-los-turistas\/\" aria-label=\"M\u00e1s informaci\u00f3n sobre El Turismo de Buceo en Vietnam Atrae a los Turistas\" tabindex=\"-1\" >\n\t\t\tLeer M\u00e1s \u00bb\t\t<\/a>\n\n\t\t\t\t<\/div>\n\t\t\t\t<div class=\"elementor-post__meta-data\">\n\t\t\t\t\t<span class=\"elementor-post-date\">\n\t\t\tjunio 25, 2024\t\t<\/span>\n\t\t\t\t<\/div>\n\t\t\t\t\t<\/div>\n\t\t<\/article>\n\t\t\t\t<article class=\"elementor-post elementor-grid-item post-10969 post type-post status-publish format-standard has-post-thumbnail hentry category-southeast-asia category-travel-news-2\" role=\"listitem\">\n\t\t\t<div class=\"elementor-post__card\">\n\t\t\t\t<a class=\"elementor-post__thumbnail__link\" href=\"https:\/\/passionasiatravel.com\/es\/reapertura-en-sureste-asiatico\/\" tabindex=\"-1\" ><div class=\"elementor-post__thumbnail\"><img loading=\"lazy\" decoding=\"async\" width=\"300\" height=\"200\" src=\"https:\/\/passionasiatravel.com\/wp-content\/uploads\/2022\/03\/220314-300x200.jpg\" class=\"attachment-medium size-medium wp-image-10955\" alt=\"\" srcset=\"https:\/\/passionasiatravel.com\/wp-content\/uploads\/2022\/03\/220314-300x200.jpg 300w, https:\/\/passionasiatravel.com\/wp-content\/uploads\/2022\/03\/220314-768x512.jpg 768w, https:\/\/passionasiatravel.com\/wp-content\/uploads\/2022\/03\/220314.jpg 900w\" sizes=\"(max-width: 300px) 100vw, 300px\" \/><\/div><\/a>\n\t\t\t\t<div class=\"elementor-post__badge\">Southeast Asia<\/div>\n\t\t\t\t<div class=\"elementor-post__text\">\n\t\t\t\t<h3 class=\"elementor-post__title\">\n\t\t\t<a href=\"https:\/\/passionasiatravel.com\/es\/reapertura-en-sureste-asiatico\/\" >\n\t\t\t\tREAPERTURA EN SURESTE ASI\u00c1TICO\t\t\t<\/a>\n\t\t<\/h3>\n\t\t\t\t<div class=\"elementor-post__excerpt\">\n\t\t\t<p>Actualizado: 4 April 2022 Nos comprometemos a mantenerles informados sobre los \u00faltimos detalles de la reapertura en el Sudeste Asi\u00e1tico. Cualquier pregunta o inquietud, por<\/p>\n\t\t<\/div>\n\t\t\n\t\t<a class=\"elementor-post__read-more\" href=\"https:\/\/passionasiatravel.com\/es\/reapertura-en-sureste-asiatico\/\" aria-label=\"M\u00e1s informaci\u00f3n sobre REAPERTURA EN SURESTE ASI\u00c1TICO\" tabindex=\"-1\" >\n\t\t\tLeer M\u00e1s \u00bb\t\t<\/a>\n\n\t\t\t\t<\/div>\n\t\t\t\t<div class=\"elementor-post__meta-data\">\n\t\t\t\t\t<span class=\"elementor-post-date\">\n\t\t\tmarzo 14, 2022\t\t<\/span>\n\t\t\t\t<\/div>\n\t\t\t\t\t<\/div>\n\t\t<\/article>\n\t\t\t\t<article class=\"elementor-post elementor-grid-item post-6568 post type-post status-publish format-standard has-post-thumbnail hentry category-southeast-asia category-travel-news-2\" role=\"listitem\">\n\t\t\t<div class=\"elementor-post__card\">\n\t\t\t\t<a class=\"elementor-post__thumbnail__link\" href=\"https:\/\/passionasiatravel.com\/es\/actualizacion-de-covid-19-y-restricciones-de-viaje-2\/\" tabindex=\"-1\" ><div class=\"elementor-post__thumbnail\"><img loading=\"lazy\" decoding=\"async\" width=\"300\" height=\"200\" src=\"https:\/\/passionasiatravel.com\/wp-content\/uploads\/2021\/06\/210614-300x200.jpg\" class=\"attachment-medium size-medium wp-image-10683\" alt=\"\" srcset=\"https:\/\/passionasiatravel.com\/wp-content\/uploads\/2021\/06\/210614-300x200.jpg 300w, https:\/\/passionasiatravel.com\/wp-content\/uploads\/2021\/06\/210614-768x512.jpg 768w, https:\/\/passionasiatravel.com\/wp-content\/uploads\/2021\/06\/210614.jpg 900w\" sizes=\"(max-width: 300px) 100vw, 300px\" \/><\/div><\/a>\n\t\t\t\t<div class=\"elementor-post__badge\">Southeast Asia<\/div>\n\t\t\t\t<div class=\"elementor-post__text\">\n\t\t\t\t<h3 class=\"elementor-post__title\">\n\t\t\t<a href=\"https:\/\/passionasiatravel.com\/es\/actualizacion-de-covid-19-y-restricciones-de-viaje-2\/\" >\n\t\t\t\tACTUALIZACI\u00d3N DE COVID-19 Y RESTRICCIONES DE VIAJE\t\t\t<\/a>\n\t\t<\/h3>\n\t\t\t\t<div class=\"elementor-post__excerpt\">\n\t\t\t<p>Actualizado: 14 de Junio, 2021 Nos comprometemos a mantenerle informado sobre la \u00faltima actualizaci\u00f3n para los viajeros que se interesan en la regi\u00f3n del Sudeste<\/p>\n\t\t<\/div>\n\t\t\n\t\t<a class=\"elementor-post__read-more\" href=\"https:\/\/passionasiatravel.com\/es\/actualizacion-de-covid-19-y-restricciones-de-viaje-2\/\" aria-label=\"M\u00e1s informaci\u00f3n sobre ACTUALIZACI\u00d3N DE COVID-19 Y RESTRICCIONES DE VIAJE\" tabindex=\"-1\" >\n\t\t\tLeer M\u00e1s \u00bb\t\t<\/a>\n\n\t\t\t\t<\/div>\n\t\t\t\t<div class=\"elementor-post__meta-data\">\n\t\t\t\t\t<span class=\"elementor-post-date\">\n\t\t\tjunio 14, 2021\t\t<\/span>\n\t\t\t\t<\/div>\n\t\t\t\t\t<\/div>\n\t\t<\/article>\n\t\t\t\t<article class=\"elementor-post elementor-grid-item post-10674 post type-post status-publish format-standard has-post-thumbnail hentry category-travel-experience category-vietnam-2\" role=\"listitem\">\n\t\t\t<div class=\"elementor-post__card\">\n\t\t\t\t<a class=\"elementor-post__thumbnail__link\" href=\"https:\/\/passionasiatravel.com\/es\/tet-doan-ngo-fiesta-de-doble-cinco\/\" tabindex=\"-1\" ><div class=\"elementor-post__thumbnail\"><img loading=\"lazy\" decoding=\"async\" width=\"300\" height=\"200\" src=\"https:\/\/passionasiatravel.com\/wp-content\/uploads\/2021\/06\/00.00-300x200.jpg\" class=\"attachment-medium size-medium wp-image-10676\" alt=\"\" srcset=\"https:\/\/passionasiatravel.com\/wp-content\/uploads\/2021\/06\/00.00-300x200.jpg 300w, https:\/\/passionasiatravel.com\/wp-content\/uploads\/2021\/06\/00.00-768x513.jpg 768w, https:\/\/passionasiatravel.com\/wp-content\/uploads\/2021\/06\/00.00.jpg 900w\" sizes=\"(max-width: 300px) 100vw, 300px\" \/><\/div><\/a>\n\t\t\t\t<div class=\"elementor-post__badge\">Travel Experience<\/div>\n\t\t\t\t<div class=\"elementor-post__text\">\n\t\t\t\t<h3 class=\"elementor-post__title\">\n\t\t\t<a href=\"https:\/\/passionasiatravel.com\/es\/tet-doan-ngo-fiesta-de-doble-cinco\/\" >\n\t\t\t\tT\u1ebeT \u0110OAN NG\u1ecc (FIESTA DE DOBLE CINCO)\t\t\t<\/a>\n\t\t<\/h3>\n\t\t\t\t<div class=\"elementor-post__excerpt\">\n\t\t\t<p>Fecha: 14 Junio 2021 Localidad: Vietnam T\u1ebft \u0110oan Ng\u1ecd es uno de los festivales m\u00e1s importantes de Vietnam, que se celebra anualmente al mediod\u00eda (de<\/p>\n\t\t<\/div>\n\t\t\n\t\t<a class=\"elementor-post__read-more\" href=\"https:\/\/passionasiatravel.com\/es\/tet-doan-ngo-fiesta-de-doble-cinco\/\" aria-label=\"M\u00e1s informaci\u00f3n sobre T\u1ebeT \u0110OAN NG\u1ecc (FIESTA DE DOBLE CINCO)\" tabindex=\"-1\" >\n\t\t\tLeer M\u00e1s \u00bb\t\t<\/a>\n\n\t\t\t\t<\/div>\n\t\t\t\t<div class=\"elementor-post__meta-data\">\n\t\t\t\t\t<span class=\"elementor-post-date\">\n\t\t\tjunio 14, 2021\t\t<\/span>\n\t\t\t\t<\/div>\n\t\t\t\t\t<\/div>\n\t\t<\/article>\n\t\t\t\t<article class=\"elementor-post elementor-grid-item post-10573 post type-post status-publish format-standard has-post-thumbnail hentry category-thailand-2 category-travel-news-2\" role=\"listitem\">\n\t\t\t<div class=\"elementor-post__card\">\n\t\t\t\t<a class=\"elementor-post__thumbnail__link\" href=\"https:\/\/passionasiatravel.com\/es\/phuket-sandbox-programa-para-reabrir-la-isla\/\" tabindex=\"-1\" ><div class=\"elementor-post__thumbnail\"><img loading=\"lazy\" decoding=\"async\" width=\"300\" height=\"200\" src=\"https:\/\/passionasiatravel.com\/wp-content\/uploads\/2021\/06\/00.01-1-300x200.jpg\" class=\"attachment-medium size-medium wp-image-10575\" alt=\"\" srcset=\"https:\/\/passionasiatravel.com\/wp-content\/uploads\/2021\/06\/00.01-1-300x200.jpg 300w, https:\/\/passionasiatravel.com\/wp-content\/uploads\/2021\/06\/00.01-1-768x511.jpg 768w, https:\/\/passionasiatravel.com\/wp-content\/uploads\/2021\/06\/00.01-1.jpg 900w\" sizes=\"(max-width: 300px) 100vw, 300px\" \/><\/div><\/a>\n\t\t\t\t<div class=\"elementor-post__badge\">Thailand<\/div>\n\t\t\t\t<div class=\"elementor-post__text\">\n\t\t\t\t<h3 class=\"elementor-post__title\">\n\t\t\t<a href=\"https:\/\/passionasiatravel.com\/es\/phuket-sandbox-programa-para-reabrir-la-isla\/\" >\n\t\t\t\tPHUKET SANDBOX \u2013 PROGRAMA PARA REABRIR LA ISLA\t\t\t<\/a>\n\t\t<\/h3>\n\t\t\t\t<div class=\"elementor-post__excerpt\">\n\t\t\t<p>Actualizado: 15 Junio 2021 El programa \u201cPhuket Sandbox\u201d comenzar\u00e1 a partir del 1 de Julio como modelo para reabrir Phuket con seguridad. Recientemente, la Autoridad<\/p>\n\t\t<\/div>\n\t\t\n\t\t<a class=\"elementor-post__read-more\" href=\"https:\/\/passionasiatravel.com\/es\/phuket-sandbox-programa-para-reabrir-la-isla\/\" aria-label=\"M\u00e1s informaci\u00f3n sobre PHUKET SANDBOX \u2013 PROGRAMA PARA REABRIR LA ISLA\" tabindex=\"-1\" >\n\t\t\tLeer M\u00e1s \u00bb\t\t<\/a>\n\n\t\t\t\t<\/div>\n\t\t\t\t<div class=\"elementor-post__meta-data\">\n\t\t\t\t\t<span class=\"elementor-post-date\">\n\t\t\tjunio 14, 2021\t\t<\/span>\n\t\t\t\t<\/div>\n\t\t\t\t\t<\/div>\n\t\t<\/article>\n\t\t\t\t<\/div>\n\t\t\n\t\t\t\t\t\t<\/div>\n\t\t\t\t<\/div>\n\t\t\t\t\t<\/div>\n\t\t<\/div>\n\t\t\t\t\t<\/div>\n\t\t<\/section>\n\t\t\t\t<section class=\"elementor-section elementor-top-section elementor-element elementor-element-ff79b64 elementor-section-content-middle elementor-section-boxed elementor-section-height-default elementor-section-height-default\" data-id=\"ff79b64\" data-element_type=\"section\" data-settings=\"{&quot;background_background&quot;:&quot;classic&quot;}\">\n\t\t\t\t\t\t<div class=\"elementor-container elementor-column-gap-default\">\n\t\t\t\t\t<div class=\"elementor-column elementor-col-33 elementor-top-column elementor-element elementor-element-52f1dac\" data-id=\"52f1dac\" data-element_type=\"column\">\n\t\t\t<div class=\"elementor-widget-wrap elementor-element-populated\">\n\t\t\t\t\t\t<div class=\"elementor-element elementor-element-906cc47 elementor-widget elementor-widget-heading\" data-id=\"906cc47\" data-element_type=\"widget\" data-widget_type=\"heading.default\">\n\t\t\t\t<div class=\"elementor-widget-container\">\n\t\t\t\t\t<p class=\"elementor-heading-title elementor-size-default\">\u00bfNECESITAS ALGUNA ASISTENCIA?<\/p>\t\t\t\t<\/div>\n\t\t\t\t<\/div>\n\t\t\t\t\t<\/div>\n\t\t<\/div>\n\t\t\t\t<div class=\"elementor-column elementor-col-33 elementor-top-column elementor-element elementor-element-e25f604\" data-id=\"e25f604\" data-element_type=\"column\">\n\t\t\t<div class=\"elementor-widget-wrap elementor-element-populated\">\n\t\t\t\t\t\t<div class=\"elementor-element elementor-element-42e3166 elementor-widget elementor-widget-text-editor\" data-id=\"42e3166\" data-element_type=\"widget\" data-widget_type=\"text-editor.default\">\n\t\t\t\t<div class=\"elementor-widget-container\">\n\t\t\t\t\t\t\t\t\t<p>Estamos aqu\u00ed para ayudar. Ll\u00e1manos: <strong><span style=\"color: #fcd115;\"> +84\u00a0 929 772 789<\/span><\/strong>o Env\u00edanos<br \/>\n <strong><span style=\"color: #fcd115;\">una solicitud<\/span><\/strong><\/p>\n\t\t\t\t\t\t\t\t<\/div>\n\t\t\t\t<\/div>\n\t\t\t\t\t<\/div>\n\t\t<\/div>\n\t\t\t\t<div class=\"elementor-column elementor-col-33 elementor-top-column elementor-element elementor-element-56570be\" data-id=\"56570be\" data-element_type=\"column\">\n\t\t\t<div class=\"elementor-widget-wrap elementor-element-populated\">\n\t\t\t\t\t\t<div class=\"elementor-element elementor-element-4a46a0b elementor-align-center elementor-widget elementor-widget-button\" data-id=\"4a46a0b\" data-element_type=\"widget\" data-widget_type=\"button.default\">\n\t\t\t\t<div class=\"elementor-widget-container\">\n\t\t\t\t\t\t\t\t\t<div class=\"elementor-button-wrapper\">\n\t\t\t\t\t<a class=\"elementor-button elementor-button-link elementor-size-sm\" href=\"https:\/\/passionasiatravel.com\/es\/tour-personalizado\/\">\n\t\t\t\t\t\t<span class=\"elementor-button-content-wrapper\">\n\t\t\t\t\t\t\t\t\t<span class=\"elementor-button-text\">CONSULTAR AHORA<\/span>\n\t\t\t\t\t<\/span>\n\t\t\t\t\t<\/a>\n\t\t\t\t<\/div>\n\t\t\t\t\t\t\t\t<\/div>\n\t\t\t\t<\/div>\n\t\t\t\t\t<\/div>\n\t\t<\/div>\n\t\t\t\t\t<\/div>\n\t\t<\/section>\n\t\t\t\t<section class=\"elementor-section elementor-top-section elementor-element elementor-element-d4172f2 elementor-section-height-min-height elementor-section-boxed elementor-section-height-default elementor-section-items-middle\" data-id=\"d4172f2\" data-element_type=\"section\" data-settings=\"{&quot;background_background&quot;:&quot;classic&quot;}\">\n\t\t\t\t\t\t\t<div class=\"elementor-background-overlay\"><\/div>\n\t\t\t\t\t\t\t<div class=\"elementor-container elementor-column-gap-default\">\n\t\t\t\t\t<div class=\"elementor-column elementor-col-100 elementor-top-column elementor-element elementor-element-79e43b0\" data-id=\"79e43b0\" data-element_type=\"column\">\n\t\t\t<div class=\"elementor-widget-wrap elementor-element-populated\">\n\t\t\t\t\t\t<div class=\"elementor-element elementor-element-e22f65a elementor-widget elementor-widget-heading\" data-id=\"e22f65a\" data-element_type=\"widget\" data-widget_type=\"heading.default\">\n\t\t\t\t<div class=\"elementor-widget-container\">\n\t\t\t\t\t<h3 class=\"elementor-heading-title elementor-size-default\">Suscr\u00edbete a nuestro bolet\u00edn<\/h3>\t\t\t\t<\/div>\n\t\t\t\t<\/div>\n\t\t\t\t<div class=\"elementor-element elementor-element-e58e58f elementor-widget elementor-widget-image\" data-id=\"e58e58f\" data-element_type=\"widget\" data-widget_type=\"image.default\">\n\t\t\t\t<div class=\"elementor-widget-container\">\n\t\t\t\t\t\t\t\t\t\t\t\t\t\t\t<img loading=\"lazy\" decoding=\"async\" width=\"37\" height=\"7\" src=\"https:\/\/passionasiatravel.com\/wp-content\/uploads\/2018\/11\/wave-divider.png\" class=\"attachment-full size-full wp-image-1680\" alt=\"\" \/>\t\t\t\t\t\t\t\t\t\t\t\t\t\t\t<\/div>\n\t\t\t\t<\/div>\n\t\t\t\t<div class=\"elementor-element elementor-element-3e82627 elementor-widget elementor-widget-text-editor\" data-id=\"3e82627\" data-element_type=\"widget\" data-widget_type=\"text-editor.default\">\n\t\t\t\t<div class=\"elementor-widget-container\">\n\t\t\t\t\t\t\t\t\t<p>Suscr\u00edbete para recibir las noticias m\u00e1s actualizadas del viaje, detalles del tour y ofertas exclusivas enviadas directo a tu email!<\/p>\n\t\t\t\t\t\t\t\t<\/div>\n\t\t\t\t<\/div>\n\t\t\t\t<div class=\"elementor-element elementor-element-3603cdd elementor-button-align-stretch elementor-widget elementor-widget-global elementor-global-565 elementor-widget-form\" data-id=\"3603cdd\" data-element_type=\"widget\" data-settings=\"{&quot;button_width&quot;:&quot;20&quot;,&quot;step_next_label&quot;:&quot;Siguiente&quot;,&quot;step_previous_label&quot;:&quot;Anterior&quot;,&quot;step_type&quot;:&quot;number_text&quot;,&quot;step_icon_shape&quot;:&quot;circle&quot;}\" data-widget_type=\"form.default\">\n\t\t\t\t<div class=\"elementor-widget-container\">\n\t\t\t\t\t\t\t<form class=\"elementor-form\" method=\"post\" id=\"subrcibe_form\" name=\"Subscribe Form\" aria-label=\"Subscribe Form\">\n\t\t\t<input type=\"hidden\" name=\"post_id\" value=\"1902\"\/>\n\t\t\t<input type=\"hidden\" name=\"form_id\" value=\"3603cdd\"\/>\n\t\t\t<input type=\"hidden\" name=\"referer_title\" value=\"Passion Travel\" \/>\n\n\t\t\t\n\t\t\t<div class=\"elementor-form-fields-wrapper elementor-labels-above\">\n\t\t\t\t\t\t\t\t<div class=\"elementor-field-type-text elementor-field-group elementor-column elementor-field-group-name elementor-col-40 elementor-field-required\">\n\t\t\t\t\t\t\t\t\t\t\t\t\t<input size=\"1\" type=\"text\" name=\"form_fields[name]\" id=\"form-field-name\" class=\"elementor-field elementor-size-md  elementor-field-textual\" placeholder=\"Your name\" required=\"required\">\n\t\t\t\t\t\t\t\t\t\t\t<\/div>\n\t\t\t\t\t\t\t\t<div class=\"elementor-field-type-email elementor-field-group elementor-column elementor-field-group-email elementor-col-40 elementor-field-required\">\n\t\t\t\t\t\t\t\t\t\t\t\t\t<input size=\"1\" type=\"email\" name=\"form_fields[email]\" id=\"form-field-email\" class=\"elementor-field elementor-size-md  elementor-field-textual\" placeholder=\"Your email\" required=\"required\">\n\t\t\t\t\t\t\t\t\t\t\t<\/div>\n\t\t\t\t\t\t\t\t<div class=\"elementor-field-group elementor-column elementor-field-type-submit elementor-col-20 e-form__buttons\">\n\t\t\t\t\t<button class=\"elementor-button elementor-size-md\" type=\"submit\">\n\t\t\t\t\t\t<span class=\"elementor-button-content-wrapper\">\n\t\t\t\t\t\t\t\t\t\t\t\t\t\t\t\t\t\t\t\t\t\t<span class=\"elementor-button-text\">SUBMIT<\/span>\n\t\t\t\t\t\t\t\t\t\t\t\t\t<\/span>\n\t\t\t\t\t<\/button>\n\t\t\t\t<\/div>\n\t\t\t<\/div>\n\t\t<\/form>\n\t\t\t\t\t\t<\/div>\n\t\t\t\t<\/div>\n\t\t\t\t\t<\/div>\n\t\t<\/div>\n\t\t\t\t\t<\/div>\n\t\t<\/section>\n\t\t\t\t<\/div>\n\t\t","protected":false},"excerpt":{"rendered":"<p>Home \u00bfNECESITAS ALGUNA ASISTENCIA? Estamos aqu\u00ed para ayudar. Ll\u00e1manos: +84\u00a0 929 772 789o Env\u00edanos una solicitud CONSULTAR AHORA Suscr\u00edbete a nuestro bolet\u00edn Suscr\u00edbete para recibir las noticias m\u00e1s actualizadas del viaje, detalles del tour y ofertas exclusivas enviadas directo a tu email!<\/p>\n","protected":false},"author":1,"featured_media":0,"parent":0,"menu_order":0,"comment_status":"closed","ping_status":"closed","template":"elementor_header_footer","meta":{"footnotes":""},"class_list":["post-1902","page","type-page","status-publish","hentry"],"acf":[],"_links":{"self":[{"href":"https:\/\/passionasiatravel.com\/es\/wp-json\/wp\/v2\/pages\/1902","targetHints":{"allow":["GET"]}}],"collection":[{"href":"https:\/\/passionasiatravel.com\/es\/wp-json\/wp\/v2\/pages"}],"about":[{"href":"https:\/\/passionasiatravel.com\/es\/wp-json\/wp\/v2\/types\/page"}],"author":[{"embeddable":true,"href":"https:\/\/passionasiatravel.com\/es\/wp-json\/wp\/v2\/users\/1"}],"replies":[{"embeddable":true,"href":"https:\/\/passionasiatravel.com\/es\/wp-json\/wp\/v2\/comments?post=1902"}],"version-history":[{"count":1,"href":"https:\/\/passionasiatravel.com\/es\/wp-json\/wp\/v2\/pages\/1902\/revisions"}],"predecessor-version":[{"id":1903,"href":"https:\/\/passionasiatravel.com\/es\/wp-json\/wp\/v2\/pages\/1902\/revisions\/1903"}],"wp:attachment":[{"href":"https:\/\/passionasiatravel.com\/es\/wp-json\/wp\/v2\/media?parent=1902"}],"curies":[{"name":"wp","href":"https:\/\/api.w.org\/{rel}","templated":true}]}}